{"id":2421,"date":"2020-02-21T18:51:06","date_gmt":"2020-02-21T17:51:06","guid":{"rendered":"https:\/\/www.bock-legal.de\/?page_id=2421"},"modified":"2023-04-11T12:15:37","modified_gmt":"2023-04-11T10:15:37","slug":"imprint","status":"publish","type":"page","link":"https:\/\/www.bock-legal.de\/en\/imprint\/","title":{"rendered":"Imprint"},"content":{"rendered":"<p>Legal form:<br \/>\nLegal form: Partnership company with limited professional liability<br \/>\nRegistered office: Frankfurt am Main<br \/>\nPartnership register: AG Frankfurt am Main, PR 1994<\/p>\n<p>Partners in the sense of the German Partnership Act: Dr. Andreas Bock, Michael F\u00fcgen, Stefan Bank, Dr. Jan D. M\u00fcller-Broich, Dr. Dirk Schmitz, Dr. Reinhard D\u00f6ring, Daniel Al-Hami, Benedikt Frank<\/p>\n<p>VAT No.:<br \/>\nDE 198985870<\/p>\n<p>Professional title and competent chamber:<br \/>\nThe lawyers of the partnership (<em>Rechtsanw\u00e4lte<\/em>) are admitted under the law of the Federal Republic of Germany and are members of the<br \/>\nFrankfurt am Main Bar Association<br \/>\nBockenheimer Anlage 36, 60322 Frankfurt<br \/>\nTel.: 0049\/69\/170098-01, Fax: 00049\/69\/170098-50<br \/>\nwww.rechtsanwaltskammer-ffm.de<\/p>\n<p>Professional liability insurance:<br \/>\nAllianz Versicherungs-AG<br \/>\nK\u00f6niginstra\u00dfe 28<br \/>\nD-80802 Munich<br \/>\nTel.: +49 \/ (0) 89 \/ 38 00 &#8211; 0<br \/>\nFax: +49 \/ (0) 89 \/ 38 00 &#8211; 34 25<\/p>\n<p>Territorial scope: Europe<\/p>\n<p>Professional regulations:<br \/>\nBRAO Federal Lawyers&#8217; Act<br \/>\nBORA Professional code of conduct for lawyers<br \/>\nSpecialist lawyer regulations<br \/>\nBRAGO Federal Lawyers&#8217; Fees Act<br \/>\nRVG Lawyers\u2019 Compensation Act<br \/>\nGwG Anti-Money Laundering Act, Order of the Federal Chamber of Lawyers pursuant to Section 14 (4) sentence 2 of the Anti-Money Laundering Act together with explanations<br \/>\nEuRAG European Federation of Older Persons<br \/>\nProfessional rules of lawyers in the European Community<\/p>\n<p>Extra-judicial settlement of disputes:<\/p>\n<p>In the case of extra-judicial disputes between lawyers and their clients, there is the possibility of extra-judicial dispute resolution at the regional bar association in Frankfurt am Main upon request (\u00a7 73 (2) no. 3 in conjunction with \u00a7 73 (5) BRAO) or at the arbitration board of the bar association at the Federal Bar Association (\u00a7 191 et seq. BRAO), which can be found on the Internet at the Federal Bar Association www.brak.de, e-mail: schlichtungsstelle@brak.de.<\/p>\n","protected":false},"excerpt":{"rendered":"<p>Legal form: Legal form: Partnership company with limited professional liability Registered office: Frankfurt am Main Partnership register: AG Frankfurt am Main, PR 1994 Partners in the sense of the German Partnership Act: Dr. Andreas Bock, Michael F\u00fcgen, Stefan Bank, Dr. Jan D. M\u00fcller-Broich, Dr. Dirk Schmitz, Dr. Reinhard D\u00f6ring, Daniel Al-Hami, Benedikt Frank VAT No.: [&hellip;]<\/p>\n","protected":false},"author":4,"featured_media":0,"parent":0,"menu_order":1000,"comment_status":"closed","ping_status":"closed","template":"","meta":{"_acf_changed":false,"inline_featured_image":false,"footnotes":""},"class_list":["post-2421","page","type-page","status-publish","hentry"],"acf":[],"yoast_head":"<!-- This site is optimized with the Yoast SEO plugin v27.3 - https:\/\/yoast.com\/product\/yoast-seo-wordpress\/ -->\n<title>Imprint - bock legal<\/title>\n<meta name=\"robots\" content=\"noindex, follow\" \/>\n<meta property=\"og:locale\" content=\"en_US\" \/>\n<meta property=\"og:type\" content=\"article\" \/>\n<meta property=\"og:title\" content=\"Imprint - bock legal\" \/>\n<meta property=\"og:description\" content=\"Legal form: Legal form: Partnership company with limited professional liability Registered office: Frankfurt am Main Partnership register: AG Frankfurt am Main, PR 1994 Partners in the sense of the German Partnership Act: Dr. Andreas Bock, Michael F\u00fcgen, Stefan Bank, Dr. Jan D. M\u00fcller-Broich, Dr. Dirk Schmitz, Dr. Reinhard D\u00f6ring, Daniel Al-Hami, Benedikt Frank VAT No.: [&hellip;]\" \/>\n<meta property=\"og:url\" content=\"https:\/\/www.bock-legal.de\/en\/imprint\/\" \/>\n<meta property=\"og:site_name\" content=\"bock legal\" \/>\n<meta property=\"article:modified_time\" content=\"2023-04-11T10:15:37+00:00\" \/>\n<meta name=\"twitter:card\" content=\"summary_large_image\" \/>\n<meta name=\"twitter:label1\" content=\"Est. reading time\" \/>\n\t<meta name=\"twitter:data1\" content=\"2 minutes\" \/>\n<script type=\"application\/ld+json\" class=\"yoast-schema-graph\">{\"@context\":\"https:\\\/\\\/schema.org\",\"@graph\":[{\"@type\":\"WebPage\",\"@id\":\"https:\\\/\\\/www.bock-legal.de\\\/en\\\/imprint\\\/\",\"url\":\"https:\\\/\\\/www.bock-legal.de\\\/en\\\/imprint\\\/\",\"name\":\"Imprint - bock legal\",\"isPartOf\":{\"@id\":\"https:\\\/\\\/www.bock-legal.de\\\/en\\\/#website\"},\"datePublished\":\"2020-02-21T17:51:06+00:00\",\"dateModified\":\"2023-04-11T10:15:37+00:00\",\"breadcrumb\":{\"@id\":\"https:\\\/\\\/www.bock-legal.de\\\/en\\\/imprint\\\/#breadcrumb\"},\"inLanguage\":\"en-US\",\"potentialAction\":[{\"@type\":\"ReadAction\",\"target\":[\"https:\\\/\\\/www.bock-legal.de\\\/en\\\/imprint\\\/\"]}]},{\"@type\":\"BreadcrumbList\",\"@id\":\"https:\\\/\\\/www.bock-legal.de\\\/en\\\/imprint\\\/#breadcrumb\",\"itemListElement\":[{\"@type\":\"ListItem\",\"position\":1,\"name\":\"Startseite\",\"item\":\"https:\\\/\\\/www.bock-legal.de\\\/en\\\/\"},{\"@type\":\"ListItem\",\"position\":2,\"name\":\"Imprint\"}]},{\"@type\":\"WebSite\",\"@id\":\"https:\\\/\\\/www.bock-legal.de\\\/en\\\/#website\",\"url\":\"https:\\\/\\\/www.bock-legal.de\\\/en\\\/\",\"name\":\"bock legal\",\"description\":\"Homepage von bock legal Partnerschaft von Rechtsanw\u00e4lten mbB. Experten f\u00fcr IP und Haftungsrecht\",\"publisher\":{\"@id\":\"https:\\\/\\\/www.bock-legal.de\\\/en\\\/#organization\"},\"potentialAction\":[{\"@type\":\"SearchAction\",\"target\":{\"@type\":\"EntryPoint\",\"urlTemplate\":\"https:\\\/\\\/www.bock-legal.de\\\/en\\\/?s={search_term_string}\"},\"query-input\":{\"@type\":\"PropertyValueSpecification\",\"valueRequired\":true,\"valueName\":\"search_term_string\"}}],\"inLanguage\":\"en-US\"},{\"@type\":\"Organization\",\"@id\":\"https:\\\/\\\/www.bock-legal.de\\\/en\\\/#organization\",\"name\":\"bock legal\",\"url\":\"https:\\\/\\\/www.bock-legal.de\\\/en\\\/\",\"logo\":{\"@type\":\"ImageObject\",\"inLanguage\":\"en-US\",\"@id\":\"https:\\\/\\\/www.bock-legal.de\\\/en\\\/#\\\/schema\\\/logo\\\/image\\\/\",\"url\":\"https:\\\/\\\/www.bock-legal.de\\\/engine\\\/wp-content\\\/uploads\\\/2018\\\/05\\\/bock-legal_gray.svg\",\"contentUrl\":\"https:\\\/\\\/www.bock-legal.de\\\/engine\\\/wp-content\\\/uploads\\\/2018\\\/05\\\/bock-legal_gray.svg\",\"width\":1,\"height\":1,\"caption\":\"bock legal\"},\"image\":{\"@id\":\"https:\\\/\\\/www.bock-legal.de\\\/en\\\/#\\\/schema\\\/logo\\\/image\\\/\"}}]}<\/script>\n<!-- \/ Yoast SEO plugin. -->","yoast_head_json":{"title":"Imprint - bock legal","robots":{"index":"noindex","follow":"follow"},"og_locale":"en_US","og_type":"article","og_title":"Imprint - bock legal","og_description":"Legal form: Legal form: Partnership company with limited professional liability Registered office: Frankfurt am Main Partnership register: AG Frankfurt am Main, PR 1994 Partners in the sense of the German Partnership Act: Dr. Andreas Bock, Michael F\u00fcgen, Stefan Bank, Dr. Jan D. M\u00fcller-Broich, Dr. Dirk Schmitz, Dr. Reinhard D\u00f6ring, Daniel Al-Hami, Benedikt Frank VAT No.: [&hellip;]","og_url":"https:\/\/www.bock-legal.de\/en\/imprint\/","og_site_name":"bock legal","article_modified_time":"2023-04-11T10:15:37+00:00","twitter_card":"summary_large_image","twitter_misc":{"Est. reading time":"2 minutes"},"schema":{"@context":"https:\/\/schema.org","@graph":[{"@type":"WebPage","@id":"https:\/\/www.bock-legal.de\/en\/imprint\/","url":"https:\/\/www.bock-legal.de\/en\/imprint\/","name":"Imprint - bock legal","isPartOf":{"@id":"https:\/\/www.bock-legal.de\/en\/#website"},"datePublished":"2020-02-21T17:51:06+00:00","dateModified":"2023-04-11T10:15:37+00:00","breadcrumb":{"@id":"https:\/\/www.bock-legal.de\/en\/imprint\/#breadcrumb"},"inLanguage":"en-US","potentialAction":[{"@type":"ReadAction","target":["https:\/\/www.bock-legal.de\/en\/imprint\/"]}]},{"@type":"BreadcrumbList","@id":"https:\/\/www.bock-legal.de\/en\/imprint\/#breadcrumb","itemListElement":[{"@type":"ListItem","position":1,"name":"Startseite","item":"https:\/\/www.bock-legal.de\/en\/"},{"@type":"ListItem","position":2,"name":"Imprint"}]},{"@type":"WebSite","@id":"https:\/\/www.bock-legal.de\/en\/#website","url":"https:\/\/www.bock-legal.de\/en\/","name":"bock legal","description":"Homepage von bock legal Partnerschaft von Rechtsanw\u00e4lten mbB. Experten f\u00fcr IP und Haftungsrecht","publisher":{"@id":"https:\/\/www.bock-legal.de\/en\/#organization"},"potentialAction":[{"@type":"SearchAction","target":{"@type":"EntryPoint","urlTemplate":"https:\/\/www.bock-legal.de\/en\/?s={search_term_string}"},"query-input":{"@type":"PropertyValueSpecification","valueRequired":true,"valueName":"search_term_string"}}],"inLanguage":"en-US"},{"@type":"Organization","@id":"https:\/\/www.bock-legal.de\/en\/#organization","name":"bock legal","url":"https:\/\/www.bock-legal.de\/en\/","logo":{"@type":"ImageObject","inLanguage":"en-US","@id":"https:\/\/www.bock-legal.de\/en\/#\/schema\/logo\/image\/","url":"https:\/\/www.bock-legal.de\/engine\/wp-content\/uploads\/2018\/05\/bock-legal_gray.svg","contentUrl":"https:\/\/www.bock-legal.de\/engine\/wp-content\/uploads\/2018\/05\/bock-legal_gray.svg","width":1,"height":1,"caption":"bock legal"},"image":{"@id":"https:\/\/www.bock-legal.de\/en\/#\/schema\/logo\/image\/"}}]}},"_links":{"self":[{"href":"https:\/\/www.bock-legal.de\/en\/wp-json\/wp\/v2\/pages\/2421","targetHints":{"allow":["GET"]}}],"collection":[{"href":"https:\/\/www.bock-legal.de\/en\/wp-json\/wp\/v2\/pages"}],"about":[{"href":"https:\/\/www.bock-legal.de\/en\/wp-json\/wp\/v2\/types\/page"}],"author":[{"embeddable":true,"href":"https:\/\/www.bock-legal.de\/en\/wp-json\/wp\/v2\/users\/4"}],"replies":[{"embeddable":true,"href":"https:\/\/www.bock-legal.de\/en\/wp-json\/wp\/v2\/comments?post=2421"}],"version-history":[{"count":5,"href":"https:\/\/www.bock-legal.de\/en\/wp-json\/wp\/v2\/pages\/2421\/revisions"}],"predecessor-version":[{"id":6041,"href":"https:\/\/www.bock-legal.de\/en\/wp-json\/wp\/v2\/pages\/2421\/revisions\/6041"}],"wp:attachment":[{"href":"https:\/\/www.bock-legal.de\/en\/wp-json\/wp\/v2\/media?parent=2421"}],"curies":[{"name":"wp","href":"https:\/\/api.w.org\/{rel}","templated":true}]}}